{"id":3068,"date":"2024-06-25T17:38:18","date_gmt":"2024-06-25T15:38:18","guid":{"rendered":"https:\/\/cote-ivoire.diplomatie.gov.bf\/?page_id=3068"},"modified":"2024-06-27T15:35:00","modified_gmt":"2024-06-27T13:35:00","slug":"actualites","status":"publish","type":"page","link":"https:\/\/cote-ivoire.diplomatie.gov.bf\/index.php\/home-two\/actualites\/","title":{"rendered":"Actualit\u00e9s"},"content":{"rendered":"\t\t<div data-elementor-type=\"wp-page\" data-elementor-id=\"3068\" class=\"elementor elementor-3068\" data-elementor-post-type=\"page\">\n\t\t\t\t<div data-particle_enable=\"false\" data-particle-mobile-disabled=\"false\" class=\"elementor-element elementor-element-b1a7d58 e-flex e-con-boxed e-con e-parent\" data-id=\"b1a7d58\" data-element_type=\"container\" data-e-type=\"container\" data-settings=\"{&quot;shape_divider_top&quot;:&quot;mountains&quot;}\">\n\t\t\t\t\t<div class=\"e-con-inner\">\n\t\t\t\t<div class=\"elementor-shape elementor-shape-top\" aria-hidden=\"true\" data-negative=\"false\">\n\t\t\t<svg xmlns=\"http:\/\/www.w3.org\/2000\/svg\" viewBox=\"0 0 1000 100\" preserveAspectRatio=\"none\">\n\t<path class=\"elementor-shape-fill\" opacity=\"0.33\" d=\"M473,67.3c-203.9,88.3-263.1-34-320.3,0C66,119.1,0,59.7,0,59.7V0h1000v59.7 c0,0-62.1,26.1-94.9,29.3c-32.8,3.3-62.8-12.3-75.8-22.1C806,49.6,745.3,8.7,694.9,4.7S492.4,59,473,67.3z\"\/>\n\t<path class=\"elementor-shape-fill\" opacity=\"0.66\" d=\"M734,67.3c-45.5,0-77.2-23.2-129.1-39.1c-28.6-8.7-150.3-10.1-254,39.1 s-91.7-34.4-149.2,0C115.7,118.3,0,39.8,0,39.8V0h1000v36.5c0,0-28.2-18.5-92.1-18.5C810.2,18.1,775.7,67.3,734,67.3z\"\/>\n\t<path class=\"elementor-shape-fill\" d=\"M766.1,28.9c-200-57.5-266,65.5-395.1,19.5C242,1.8,242,5.4,184.8,20.6C128,35.8,132.3,44.9,89.9,52.5C28.6,63.7,0,0,0,0 h1000c0,0-9.9,40.9-83.6,48.1S829.6,47,766.1,28.9z\"\/>\n<\/svg>\t\t<\/div>\n\t\t\t\t<div class=\"elementor-element elementor-element-caf15a2 elementor-grid-eael-col-4 elementor-grid-tablet-eael-col-2 elementor-grid-mobile-eael-col-1 elementor-widget elementor-widget-eael-post-grid\" data-id=\"caf15a2\" data-element_type=\"widget\" data-e-type=\"widget\" data-settings=\"{&quot;eael_post_grid_columns&quot;:&quot;eael-col-4&quot;,&quot;eael_post_grid_columns_tablet&quot;:&quot;eael-col-2&quot;,&quot;eael_post_grid_columns_mobile&quot;:&quot;eael-col-1&quot;}\" data-widget_type=\"eael-post-grid.default\">\n\t\t\t\t<div class=\"elementor-widget-container\">\n\t\t\t\t\t<div id=\"eael-post-grid-caf15a2\" class=\"eael-post-grid-container\">\n            <div class=\"eael-post-grid eael-post-appender eael-post-appender-caf15a2 eael-post-grid-style-three\" data-layout-mode=\"masonry\"><article class=\"eael-grid-post  eael-post-grid-column eael-pg-post-5585 category-non-classe\" data-id=\"5585\">\n        <div class=\"eael-grid-post-holder\">\n            <div class=\"eael-grid-post-holder-inner\"><div class=\"eael-entry-wrapper\"><header class=\"eael-entry-header\"><h2 class=\"eael-entry-title\"><a class=\"eael-grid-post-link\" href=\"https:\/\/cote-ivoire.diplomatie.gov.bf\/index.php\/%d0%b3%d0%bb%d0%be%d0%b1%d0%b0%d0%bb%d1%8c%d0%bd%d0%b0%d1%8f-%d1%81%d1%82%d0%b0%d1%82%d0%b8%d1%81%d1%82%d0%b8%d0%ba%d0%b0-%d0%b0%d0%b7%d0%b0%d1%80%d1%82%d0%bd%d1%8b%d1%85-%d0%b8%d0%b3%d1%80-%d0%bf-2\/\" title=\"\u0413\u043b\u043e\u0431\u0430\u043b\u044c\u043d\u0430\u044f \u0441\u0442\u0430\u0442\u0438\u0441\u0442\u0438\u043a\u0430 \u0430\u0437\u0430\u0440\u0442\u043d\u044b\u0445 \u0438\u0433\u0440 \u043f\u043e \u0432\u0441\u0435\u043c\u0443 \u043c\u0438\u0440\u0443 \u0438 \u0444\u0430\u043a\u0442\u044b \u0432 2026 \u0433\u043e\u0434\u0443\">\u0413\u043b\u043e\u0431\u0430\u043b\u044c\u043d\u0430\u044f \u0441\u0442\u0430\u0442\u0438\u0441\u0442\u0438\u043a\u0430 \u0430\u0437\u0430\u0440\u0442\u043d\u044b\u0445 \u0438\u0433\u0440 \u043f\u043e \u0432\u0441\u0435\u043c\u0443 \u043c\u0438\u0440\u0443 \u0438 \u0444\u0430\u043a\u0442\u044b \u0432 2026 \u0433\u043e\u0434\u0443<\/a><\/h2><\/header><div class=\"eael-entry-meta\"><span class=\"eael-posted-by\"><a href=\"https:\/\/cote-ivoire.diplomatie.gov.bf\/index.php\/author\/francis\/\" title=\"Posts by francis\" rel=\"author\">francis<\/a><\/span><span class=\"eael-posted-on\"><time datetime=\"23 janvier 2026\">23 janvier 2026<\/time><\/span><\/div><div class=\"eael-entry-content\">\n                        <div class=\"eael-grid-post-excerpt\"><p>\u0423\u0441\u043b\u043e\u0432\u0438\u044f \u043c\u043e\u0433\u0443\u0442 \u0431\u044b\u0442\u044c \u043e\u0431\u043e\u0437\u043d\u0430\u0447\u0435\u043d\u044b \u043f\u0438\u0441\u044c\u043c\u0435\u043d\u043d\u043e \u043d\u0430 \u0430\u0432\u0442\u043e\u043c\u0430\u0442\u0435, \u0432 \u0432\u0438\u0434\u0435 \u0432\u0441\u0442\u0440\u043e\u0435\u043d\u043d\u043e\u0439...<\/p><a href=\"https:\/\/cote-ivoire.diplomatie.gov.bf\/index.php\/%d0%b3%d0%bb%d0%be%d0%b1%d0%b0%d0%bb%d1%8c%d0%bd%d0%b0%d1%8f-%d1%81%d1%82%d0%b0%d1%82%d0%b8%d1%81%d1%82%d0%b8%d0%ba%d0%b0-%d0%b0%d0%b7%d0%b0%d1%80%d1%82%d0%bd%d1%8b%d1%85-%d0%b8%d0%b3%d1%80-%d0%bf-2\/\" class=\"eael-post-elements-readmore-btn\">Voir d\u00e9tail<\/a><\/div>\n                    <\/div><\/div><\/div>\n        <\/div>\n    <\/article><article class=\"eael-grid-post  eael-post-grid-column eael-pg-post-5583 category-non-classe\" data-id=\"5583\">\n        <div class=\"eael-grid-post-holder\">\n            <div class=\"eael-grid-post-holder-inner\"><div class=\"eael-entry-wrapper\"><header class=\"eael-entry-header\"><h2 class=\"eael-entry-title\"><a class=\"eael-grid-post-link\" href=\"https:\/\/cote-ivoire.diplomatie.gov.bf\/index.php\/%d0%b3%d0%bb%d0%be%d0%b1%d0%b0%d0%bb%d1%8c%d0%bd%d0%b0%d1%8f-%d1%81%d1%82%d0%b0%d1%82%d0%b8%d1%81%d1%82%d0%b8%d0%ba%d0%b0-%d0%b0%d0%b7%d0%b0%d1%80%d1%82%d0%bd%d1%8b%d1%85-%d0%b8%d0%b3%d1%80-%d0%bf\/\" title=\"\u0413\u043b\u043e\u0431\u0430\u043b\u044c\u043d\u0430\u044f \u0441\u0442\u0430\u0442\u0438\u0441\u0442\u0438\u043a\u0430 \u0430\u0437\u0430\u0440\u0442\u043d\u044b\u0445 \u0438\u0433\u0440 \u043f\u043e \u0432\u0441\u0435\u043c\u0443 \u043c\u0438\u0440\u0443 \u0438 \u0444\u0430\u043a\u0442\u044b \u0432 2026 \u0433\u043e\u0434\u0443\">\u0413\u043b\u043e\u0431\u0430\u043b\u044c\u043d\u0430\u044f \u0441\u0442\u0430\u0442\u0438\u0441\u0442\u0438\u043a\u0430 \u0430\u0437\u0430\u0440\u0442\u043d\u044b\u0445 \u0438\u0433\u0440 \u043f\u043e \u0432\u0441\u0435\u043c\u0443 \u043c\u0438\u0440\u0443 \u0438 \u0444\u0430\u043a\u0442\u044b \u0432 2026 \u0433\u043e\u0434\u0443<\/a><\/h2><\/header><div class=\"eael-entry-meta\"><span class=\"eael-posted-by\"><a href=\"https:\/\/cote-ivoire.diplomatie.gov.bf\/index.php\/author\/francis\/\" title=\"Posts by francis\" rel=\"author\">francis<\/a><\/span><span class=\"eael-posted-on\"><time datetime=\"23 janvier 2026\">23 janvier 2026<\/time><\/span><\/div><div class=\"eael-entry-content\">\n                        <div class=\"eael-grid-post-excerpt\"><p>\u0423\u0441\u043b\u043e\u0432\u0438\u044f \u043c\u043e\u0433\u0443\u0442 \u0431\u044b\u0442\u044c \u043e\u0431\u043e\u0437\u043d\u0430\u0447\u0435\u043d\u044b \u043f\u0438\u0441\u044c\u043c\u0435\u043d\u043d\u043e \u043d\u0430 \u0430\u0432\u0442\u043e\u043c\u0430\u0442\u0435, \u0432 \u0432\u0438\u0434\u0435 \u0432\u0441\u0442\u0440\u043e\u0435\u043d\u043d\u043e\u0439...<\/p><a href=\"https:\/\/cote-ivoire.diplomatie.gov.bf\/index.php\/%d0%b3%d0%bb%d0%be%d0%b1%d0%b0%d0%bb%d1%8c%d0%bd%d0%b0%d1%8f-%d1%81%d1%82%d0%b0%d1%82%d0%b8%d1%81%d1%82%d0%b8%d0%ba%d0%b0-%d0%b0%d0%b7%d0%b0%d1%80%d1%82%d0%bd%d1%8b%d1%85-%d0%b8%d0%b3%d1%80-%d0%bf\/\" class=\"eael-post-elements-readmore-btn\">Voir d\u00e9tail<\/a><\/div>\n                    <\/div><\/div><\/div>\n        <\/div>\n    <\/article><article class=\"eael-grid-post  eael-post-grid-column eael-pg-post-5271 category-actualites\" data-id=\"5271\">\n        <div class=\"eael-grid-post-holder\">\n            <div class=\"eael-grid-post-holder-inner\"><div class=\"eael-entry-media\"><ul class=\"post-carousel-categories\"><li><a href=\"https:\/\/cote-ivoire.diplomatie.gov.bf\/index.php\/category\/actualites\/\">Actualit\u00e9s<\/a><\/li><\/ul><div class=\"eael-entry-overlay fade-in\"><i class=\"fas fa-long-arrow-alt-right\" aria-hidden=\"true\"><\/i><a href=\"https:\/\/cote-ivoire.diplomatie.gov.bf\/index.php\/%f0%9d%90%95%f0%9d%90%a2%f0%9d%90%9e-%f0%9d%90%9d%f0%9d%90%9e-%f0%9d%90%a5%f0%9d%90%9a%f0%9d%90%a6%f0%9d%90%9b%f0%9d%90%9a%f0%9d%90%ac%f0%9d%90%ac%f0%9d%90%9a%f0%9d%90%9d%f0%9d%90%9e-%f0%9d%90%8b\/\"><\/a><\/div><div class=\"eael-entry-thumbnail \">\n                 <img decoding=\"async\" width=\"300\" height=\"155\" src=\"https:\/\/cote-ivoire.diplomatie.gov.bf\/wp-content\/uploads\/sites\/4\/2025\/01\/473999808_925310526452636_5850257088945117938_n-300x155.jpg\" class=\"attachment-medium size-medium wp-image-5276\" alt=\"\" srcset=\"https:\/\/cote-ivoire.diplomatie.gov.bf\/wp-content\/uploads\/sites\/4\/2025\/01\/473999808_925310526452636_5850257088945117938_n-300x155.jpg 300w, https:\/\/cote-ivoire.diplomatie.gov.bf\/wp-content\/uploads\/sites\/4\/2025\/01\/473999808_925310526452636_5850257088945117938_n-1024x528.jpg 1024w, https:\/\/cote-ivoire.diplomatie.gov.bf\/wp-content\/uploads\/sites\/4\/2025\/01\/473999808_925310526452636_5850257088945117938_n-768x396.jpg 768w, https:\/\/cote-ivoire.diplomatie.gov.bf\/wp-content\/uploads\/sites\/4\/2025\/01\/473999808_925310526452636_5850257088945117938_n-1536x792.jpg 1536w, https:\/\/cote-ivoire.diplomatie.gov.bf\/wp-content\/uploads\/sites\/4\/2025\/01\/473999808_925310526452636_5850257088945117938_n-1170x600.jpg 1170w, https:\/\/cote-ivoire.diplomatie.gov.bf\/wp-content\/uploads\/sites\/4\/2025\/01\/473999808_925310526452636_5850257088945117938_n.jpg 2048w\" sizes=\"(max-width: 300px) 100vw, 300px\" \/>\n             <\/div>\n        <\/div><div class=\"eael-entry-wrapper\"><header class=\"eael-entry-header\"><h2 class=\"eael-entry-title\"><a class=\"eael-grid-post-link\" href=\"https:\/\/cote-ivoire.diplomatie.gov.bf\/index.php\/%f0%9d%90%95%f0%9d%90%a2%f0%9d%90%9e-%f0%9d%90%9d%f0%9d%90%9e-%f0%9d%90%a5%f0%9d%90%9a%f0%9d%90%a6%f0%9d%90%9b%f0%9d%90%9a%f0%9d%90%ac%f0%9d%90%ac%f0%9d%90%9a%f0%9d%90%9d%f0%9d%90%9e-%f0%9d%90%8b\/\" title=\"\ud835\udc15\ud835\udc22\ud835\udc1e \ud835\udc1d\ud835\udc1e \ud835\udc25&rsquo;\ud835\udc1a\ud835\udc26\ud835\udc1b\ud835\udc1a\ud835\udc2c\ud835\udc2c\ud835\udc1a\ud835\udc1d\ud835\udc1e : \ud835\udc0b\ud835\udc1e \ud835\udc02\ud835\udc21\ud835\udc1a\ud835\udc2b\ud835\udc20\ud835\udc1e\u0301 \ud835\udc1d&rsquo;\ud835\udc1a\ud835\udc1f\ud835\udc1f\ud835\udc1a\ud835\udc22\ud835\udc2b\ud835\udc1e\ud835\udc2c \ud835\udc1a.\ud835\udc22. \ud835\udc1e\ud835\udc2d \ud835\udc25\ud835\udc1e \ud835\udc20\ud835\udc1e\u0301\ud835\udc2b\ud835\udc1a\ud835\udc27\ud835\udc2d \ud835\udc22\ud835\udc27\ud835\udc2d\ud835\udc1e\u0301\ud835\udc2b\ud835\udc22\ud835\udc26\ud835\udc1a\ud835\udc22\ud835\udc2b\ud835\udc1e \ud835\udc1d\ud835\udc2e \ud835\udc02\ud835\udc28\ud835\udc27\ud835\udc2c\ud835\udc2e\ud835\udc25\ud835\udc1a\ud835\udc2d \ud835\udc20\ud835\udc1e\u0301\ud835\udc27\ud835\udc1e\u0301\ud835\udc2b\ud835\udc1a\ud835\udc25 \ud835\udc1a\u0300 \ud835\udc00\ud835\udc1b\ud835\udc22\ud835\udc1d\ud835\udc23\ud835\udc1a\ud835\udc27 \ud835\udc1e\ud835\udc27 \ud835\udc22\ud835\udc26\ud835\udc26\ud835\udc1e\ud835\udc2b\ud835\udc2c\ud835\udc22\ud835\udc28\ud835\udc27 \ud835\udc1d\ud835\udc1a\ud835\udc27\ud835\udc2c \ud835\udc25\ud835\udc1e\ud835\udc2c \ud835\udc2c\ud835\udc2d\ud835\udc2b\ud835\udc2e\ud835\udc1c\ud835\udc2d\ud835\udc2e\ud835\udc2b\ud835\udc1e\ud835\udc2c \ud835\udc1c\ud835\udc28\ud835\udc25\ud835\udc25\ud835\udc1a\ud835\udc1b\ud835\udc28\ud835\udc2b\ud835\udc1a\ud835\udc2d\ud835\udc2b\ud835\udc22\ud835\udc1c\ud835\udc1e\ud835\udc2c\">\ud835\udc15\ud835\udc22\ud835\udc1e \ud835\udc1d\ud835\udc1e \ud835\udc25&rsquo;\ud835\udc1a\ud835\udc26\ud835\udc1b\ud835\udc1a\ud835\udc2c\ud835\udc2c\ud835\udc1a\ud835\udc1d\ud835\udc1e : \ud835\udc0b\ud835\udc1e \ud835\udc02\ud835\udc21\ud835\udc1a\ud835\udc2b\ud835\udc20\ud835\udc1e\u0301 \ud835\udc1d&rsquo;\ud835\udc1a\ud835\udc1f\ud835\udc1f\ud835\udc1a\ud835\udc22\ud835\udc2b\ud835\udc1e\ud835\udc2c \ud835\udc1a.\ud835\udc22. \ud835\udc1e\ud835\udc2d \ud835\udc25\ud835\udc1e \ud835\udc20\ud835\udc1e\u0301\ud835\udc2b\ud835\udc1a\ud835\udc27\ud835\udc2d \ud835\udc22\ud835\udc27\ud835\udc2d\ud835\udc1e\u0301\ud835\udc2b\ud835\udc22\ud835\udc26\ud835\udc1a\ud835\udc22\ud835\udc2b\ud835\udc1e \ud835\udc1d\ud835\udc2e \ud835\udc02\ud835\udc28\ud835\udc27\ud835\udc2c\ud835\udc2e\ud835\udc25\ud835\udc1a\ud835\udc2d \ud835\udc20\ud835\udc1e\u0301\ud835\udc27\ud835\udc1e\u0301\ud835\udc2b\ud835\udc1a\ud835\udc25 \ud835\udc1a\u0300 \ud835\udc00\ud835\udc1b\ud835\udc22\ud835\udc1d\ud835\udc23\ud835\udc1a\ud835\udc27 \ud835\udc1e\ud835\udc27 \ud835\udc22\ud835\udc26\ud835\udc26\ud835\udc1e\ud835\udc2b\ud835\udc2c\ud835\udc22\ud835\udc28\ud835\udc27 \ud835\udc1d\ud835\udc1a\ud835\udc27\ud835\udc2c<\/a><\/h2><\/header><div class=\"eael-entry-meta\"><span class=\"eael-posted-by\"><a href=\"https:\/\/cote-ivoire.diplomatie.gov.bf\/index.php\/author\/kobie1\/\" title=\"Posts by D\u00e9sir\u00e9 KOBIE\" rel=\"author\">D\u00e9sir\u00e9 KOBIE<\/a><\/span><span class=\"eael-posted-on\"><time datetime=\"18 janvier 2025\">18 janvier 2025<\/time><\/span><\/div><div class=\"eael-entry-content\">\n                        <div class=\"eael-grid-post-excerpt\"><p>Le charg\u00e9 d&rsquo;affaires a.i. de l&rsquo;ambassade du Burkina Faso en...<\/p><a href=\"https:\/\/cote-ivoire.diplomatie.gov.bf\/index.php\/%f0%9d%90%95%f0%9d%90%a2%f0%9d%90%9e-%f0%9d%90%9d%f0%9d%90%9e-%f0%9d%90%a5%f0%9d%90%9a%f0%9d%90%a6%f0%9d%90%9b%f0%9d%90%9a%f0%9d%90%ac%f0%9d%90%ac%f0%9d%90%9a%f0%9d%90%9d%f0%9d%90%9e-%f0%9d%90%8b\/\" class=\"eael-post-elements-readmore-btn\">Voir d\u00e9tail<\/a><\/div>\n                    <\/div><\/div><\/div>\n        <\/div>\n    <\/article><article class=\"eael-grid-post  eael-post-grid-column eael-pg-post-5275 category-actualites\" data-id=\"5275\">\n        <div class=\"eael-grid-post-holder\">\n            <div class=\"eael-grid-post-holder-inner\"><div class=\"eael-entry-media\"><ul class=\"post-carousel-categories\"><li><a href=\"https:\/\/cote-ivoire.diplomatie.gov.bf\/index.php\/category\/actualites\/\">Actualit\u00e9s<\/a><\/li><\/ul><div class=\"eael-entry-overlay fade-in\"><i class=\"fas fa-long-arrow-alt-right\" aria-hidden=\"true\"><\/i><a href=\"https:\/\/cote-ivoire.diplomatie.gov.bf\/index.php\/%f0%9d%90%95%f0%9d%90%a2%f0%9d%90%ac%f0%9d%90%a2%f0%9d%90%ad%f0%9d%90%9e-%f0%9d%90%9d%f0%9d%90%9e-%f0%9d%90%a9%f0%9d%90%ab%f0%9d%90%a2%f0%9d%90%ac%f0%9d%90%9e-%f0%9d%90%9d%f0%9d%90%9e-%f0%9d%90%9c\/\"><\/a><\/div><div class=\"eael-entry-thumbnail \">\n                 <img fetchpriority=\"high\" decoding=\"async\" width=\"300\" height=\"297\" src=\"https:\/\/cote-ivoire.diplomatie.gov.bf\/wp-content\/uploads\/sites\/4\/2025\/01\/473424572_923264356657253_366127449108921889_n-300x297.jpg\" class=\"attachment-medium size-medium wp-image-5285\" alt=\"\" srcset=\"https:\/\/cote-ivoire.diplomatie.gov.bf\/wp-content\/uploads\/sites\/4\/2025\/01\/473424572_923264356657253_366127449108921889_n-300x297.jpg 300w, https:\/\/cote-ivoire.diplomatie.gov.bf\/wp-content\/uploads\/sites\/4\/2025\/01\/473424572_923264356657253_366127449108921889_n-1024x1014.jpg 1024w, https:\/\/cote-ivoire.diplomatie.gov.bf\/wp-content\/uploads\/sites\/4\/2025\/01\/473424572_923264356657253_366127449108921889_n-150x150.jpg 150w, https:\/\/cote-ivoire.diplomatie.gov.bf\/wp-content\/uploads\/sites\/4\/2025\/01\/473424572_923264356657253_366127449108921889_n-768x761.jpg 768w, https:\/\/cote-ivoire.diplomatie.gov.bf\/wp-content\/uploads\/sites\/4\/2025\/01\/473424572_923264356657253_366127449108921889_n-1536x1521.jpg 1536w, https:\/\/cote-ivoire.diplomatie.gov.bf\/wp-content\/uploads\/sites\/4\/2025\/01\/473424572_923264356657253_366127449108921889_n.jpg 2048w\" sizes=\"(max-width: 300px) 100vw, 300px\" \/>\n             <\/div>\n        <\/div><div class=\"eael-entry-wrapper\"><header class=\"eael-entry-header\"><h2 class=\"eael-entry-title\"><a class=\"eael-grid-post-link\" href=\"https:\/\/cote-ivoire.diplomatie.gov.bf\/index.php\/%f0%9d%90%95%f0%9d%90%a2%f0%9d%90%ac%f0%9d%90%a2%f0%9d%90%ad%f0%9d%90%9e-%f0%9d%90%9d%f0%9d%90%9e-%f0%9d%90%a9%f0%9d%90%ab%f0%9d%90%a2%f0%9d%90%ac%f0%9d%90%9e-%f0%9d%90%9d%f0%9d%90%9e-%f0%9d%90%9c\/\" title=\"\ud835\udc15\ud835\udc22\ud835\udc2c\ud835\udc22\ud835\udc2d\ud835\udc1e \ud835\udc1d\ud835\udc1e \ud835\udc29\ud835\udc2b\ud835\udc22\ud835\udc2c\ud835\udc1e \ud835\udc1d\ud835\udc1e \ud835\udc1c\ud835\udc28\ud835\udc27\ud835\udc2d\ud835\udc1a\ud835\udc1c\ud835\udc2d : \ud835\udc0b\ud835\udc1e \ud835\udc02\ud835\udc21\ud835\udc1a\ud835\udc2b\ud835\udc20\ud835\udc1e\u0301 \ud835\udc1d&rsquo;\ud835\udc1a\ud835\udc1f\ud835\udc1f\ud835\udc1a\ud835\udc22\ud835\udc2b\ud835\udc1e\ud835\udc2c a.i. \ud835\udc1c\ud835\udc21\ud835\udc1e\ud835\udc33 \ud835\udc25\ud835\udc1e \ud835\udc0d\ud835\udc28\ud835\udc27\ud835\udc1c\ud835\udc1e \ud835\udc1a\ud835\udc29\ud835\udc28\ud835\udc2c\ud835\udc2d\ud835\udc28\ud835\udc25\ud835\udc22\ud835\udc2a\ud835\udc2e\ud835\udc1e\">\ud835\udc15\ud835\udc22\ud835\udc2c\ud835\udc22\ud835\udc2d\ud835\udc1e \ud835\udc1d\ud835\udc1e \ud835\udc29\ud835\udc2b\ud835\udc22\ud835\udc2c\ud835\udc1e \ud835\udc1d\ud835\udc1e \ud835\udc1c\ud835\udc28\ud835\udc27\ud835\udc2d\ud835\udc1a\ud835\udc1c\ud835\udc2d : \ud835\udc0b\ud835\udc1e \ud835\udc02\ud835\udc21\ud835\udc1a\ud835\udc2b\ud835\udc20\ud835\udc1e\u0301 \ud835\udc1d&rsquo;\ud835\udc1a\ud835\udc1f\ud835\udc1f\ud835\udc1a\ud835\udc22\ud835\udc2b\ud835\udc1e\ud835\udc2c a.i. \ud835\udc1c\ud835\udc21\ud835\udc1e\ud835\udc33 \ud835\udc25\ud835\udc1e \ud835\udc0d\ud835\udc28\ud835\udc27\ud835\udc1c\ud835\udc1e \ud835\udc1a\ud835\udc29\ud835\udc28\ud835\udc2c\ud835\udc2d\ud835\udc28\ud835\udc25\ud835\udc22\ud835\udc2a\ud835\udc2e\ud835\udc1e<\/a><\/h2><\/header><div class=\"eael-entry-meta\"><span class=\"eael-posted-by\"><a href=\"https:\/\/cote-ivoire.diplomatie.gov.bf\/index.php\/author\/kobie1\/\" title=\"Posts by D\u00e9sir\u00e9 KOBIE\" rel=\"author\">D\u00e9sir\u00e9 KOBIE<\/a><\/span><span class=\"eael-posted-on\"><time datetime=\"14 janvier 2025\">14 janvier 2025<\/time><\/span><\/div><div class=\"eael-entry-content\">\n                        <div class=\"eael-grid-post-excerpt\"><p>Le charg\u00e9 d&rsquo;affaires de l&rsquo;ambassade du Burkina Faso, accompagn\u00e9 du...<\/p><a href=\"https:\/\/cote-ivoire.diplomatie.gov.bf\/index.php\/%f0%9d%90%95%f0%9d%90%a2%f0%9d%90%ac%f0%9d%90%a2%f0%9d%90%ad%f0%9d%90%9e-%f0%9d%90%9d%f0%9d%90%9e-%f0%9d%90%a9%f0%9d%90%ab%f0%9d%90%a2%f0%9d%90%ac%f0%9d%90%9e-%f0%9d%90%9d%f0%9d%90%9e-%f0%9d%90%9c\/\" class=\"eael-post-elements-readmore-btn\">Voir d\u00e9tail<\/a><\/div>\n                    <\/div><\/div><\/div>\n        <\/div>\n    <\/article><\/div>\n            <div class=\"clearfix\"><\/div>\n        <\/div>            <div class=\"eael-load-more-button-wrap\">\n                <button class=\"eael-load-more-button\" id=\"eael-load-more-btn-caf15a2\" data-widget-id=\"caf15a2\" data-widget=\"caf15a2\" data-page-id=\"3068\" data-template=\"{&quot;dir&quot;:&quot;lite&quot;,&quot;file_name&quot;:&quot;three.php&quot;,&quot;name&quot;:&quot;Post-Grid&quot;}\" data-class=\"Essential_Addons_Elementor\\Elements\\Post_Grid\" data-layout=\"masonry\" data-page=\"1\" data-args=\"orderby=date&amp;order=desc&amp;ignore_sticky_posts=1&amp;post_status=publish&amp;posts_per_page=4&amp;offset=0&amp;post_type=post&amp;post__not_in%5B0%5D=1\" data-max-page=\"5\">\n                    <span class=\"eael-btn-loader button__loader\"><\/span>\n                    <span class=\"eael_load_more_text\">charger la suite<\/span>\n                <\/button>\n            <\/div>\n            \t\t\t\t<\/div>\n\t\t\t\t<\/div>\n\t\t\t\t\t<\/div>\n\t\t\t\t<\/div>\n\t\t\t\t<\/div>\n\t\t","protected":false},"excerpt":{"rendered":"<p>Non class\u00e9 10e Session de la Grande Commission mixte de coop\u00e9ration Burkina Faso-R\u00e9publique du Mali : la cheffe de la diplomatie burkinab\u00e8 francis27 juin 2024 La cheffe de la diplomatie burkinab\u00e8, S.E. Madame Olivia ROUAMBA&#8230; Voir d\u00e9tail Non class\u00e9 Coop\u00e9ration Burkina Faso-R\u00e9publique du Mali : les Travaux techniques de la 10e Session de la Grande [&hellip;]<\/p>\n","protected":false},"author":4,"featured_media":0,"parent":460,"menu_order":0,"comment_status":"closed","ping_status":"closed","template":"elementor_header_footer","meta":{"footnotes":""},"class_list":["post-3068","page","type-page","status-publish","hentry"],"_links":{"self":[{"href":"https:\/\/cote-ivoire.diplomatie.gov.bf\/index.php\/wp-json\/wp\/v2\/pages\/3068","targetHints":{"allow":["GET"]}}],"collection":[{"href":"https:\/\/cote-ivoire.diplomatie.gov.bf\/index.php\/wp-json\/wp\/v2\/pages"}],"about":[{"href":"https:\/\/cote-ivoire.diplomatie.gov.bf\/index.php\/wp-json\/wp\/v2\/types\/page"}],"author":[{"embeddable":true,"href":"https:\/\/cote-ivoire.diplomatie.gov.bf\/index.php\/wp-json\/wp\/v2\/users\/4"}],"replies":[{"embeddable":true,"href":"https:\/\/cote-ivoire.diplomatie.gov.bf\/index.php\/wp-json\/wp\/v2\/comments?post=3068"}],"version-history":[{"count":27,"href":"https:\/\/cote-ivoire.diplomatie.gov.bf\/index.php\/wp-json\/wp\/v2\/pages\/3068\/revisions"}],"predecessor-version":[{"id":4343,"href":"https:\/\/cote-ivoire.diplomatie.gov.bf\/index.php\/wp-json\/wp\/v2\/pages\/3068\/revisions\/4343"}],"up":[{"embeddable":true,"href":"https:\/\/cote-ivoire.diplomatie.gov.bf\/index.php\/wp-json\/wp\/v2\/pages\/460"}],"wp:attachment":[{"href":"https:\/\/cote-ivoire.diplomatie.gov.bf\/index.php\/wp-json\/wp\/v2\/media?parent=3068"}],"curies":[{"name":"wp","href":"https:\/\/api.w.org\/{rel}","templated":true}]}}