{"id":4063,"date":"2024-06-27T12:52:23","date_gmt":"2024-06-27T10:52:23","guid":{"rendered":"https:\/\/cote-ivoire.diplomatie.gov.bf\/?page_id=4063"},"modified":"2024-06-27T16:11:52","modified_gmt":"2024-06-27T14:11:52","slug":"services","status":"publish","type":"page","link":"https:\/\/cote-ivoire.diplomatie.gov.bf\/index.php\/services\/","title":{"rendered":"Services"},"content":{"rendered":"\t\t<div data-elementor-type=\"wp-page\" data-elementor-id=\"4063\" class=\"elementor elementor-4063\" data-elementor-post-type=\"page\">\n\t\t\t\t<div data-particle_enable=\"false\" data-particle-mobile-disabled=\"false\" class=\"elementor-element elementor-element-d4df113 e-flex e-con-boxed e-con e-parent\" data-id=\"d4df113\" data-element_type=\"container\" data-e-type=\"container\" data-settings=\"{&quot;background_background&quot;:&quot;classic&quot;}\">\n\t\t\t\t\t<div class=\"e-con-inner\">\n\t\t<div data-particle_enable=\"false\" data-particle-mobile-disabled=\"false\" class=\"elementor-element elementor-element-761790b e-con-full e-flex e-con e-child\" data-id=\"761790b\" data-element_type=\"container\" data-e-type=\"container\">\n\t\t\t\t<\/div>\n\t\t\t\t<div class=\"elementor-element elementor-element-e83034a elementor-grid-eael-col-4 elementor-grid-tablet-eael-col-2 elementor-grid-mobile-eael-col-1 elementor-widget elementor-widget-eael-post-grid\" data-id=\"e83034a\" data-element_type=\"widget\" data-e-type=\"widget\" data-settings=\"{&quot;eael_post_grid_columns&quot;:&quot;eael-col-4&quot;,&quot;eael_post_grid_columns_tablet&quot;:&quot;eael-col-2&quot;,&quot;eael_post_grid_columns_mobile&quot;:&quot;eael-col-1&quot;}\" data-widget_type=\"eael-post-grid.default\">\n\t\t\t\t<div class=\"elementor-widget-container\">\n\t\t\t\t\t<div id=\"eael-post-grid-e83034a\" class=\"eael-post-grid-container\">\n            <div class=\"eael-post-grid eael-post-appender eael-post-appender-e83034a eael-post-grid-style-three\" data-layout-mode=\"masonry\"><article class=\"eael-grid-post  eael-post-grid-column eael-pg-post-4958\" data-id=\"4958\">\n        <div class=\"eael-grid-post-holder\">\n            <div class=\"eael-grid-post-holder-inner\"><div class=\"eael-entry-wrapper\"><header class=\"eael-entry-header\"><h2 class=\"eael-entry-title\"><a class=\"eael-grid-post-link\" href=\"https:\/\/cote-ivoire.diplomatie.gov.bf\/?p=4958\" title=\"Actes divers\">Actes divers<\/a><\/h2><\/header><div class=\"eael-entry-meta\"><\/div><div class=\"eael-entry-content\">\n                        <div class=\"eael-grid-post-excerpt\"><a href=\"https:\/\/cote-ivoire.diplomatie.gov.bf\/?p=4958\" class=\"eael-post-elements-readmore-btn\">Voir plus<\/a><\/div>\n                    <\/div><\/div><\/div>\n        <\/div>\n    <\/article><article class=\"eael-grid-post  eael-post-grid-column eael-pg-post-3987\" data-id=\"3987\">\n        <div class=\"eael-grid-post-holder\">\n            <div class=\"eael-grid-post-holder-inner\"><div class=\"eael-entry-media\"><div class=\"eael-entry-overlay fade-in\"><i class=\"fas fa-eye\" aria-hidden=\"true\"><\/i><a href=\"https:\/\/cote-ivoire.diplomatie.gov.bf\/?p=3987\"><\/a><\/div><div class=\"eael-entry-thumbnail \">\n                 <img fetchpriority=\"high\" decoding=\"async\" width=\"251\" height=\"201\" src=\"https:\/\/cote-ivoire.diplomatie.gov.bf\/wp-content\/uploads\/sites\/4\/2024\/06\/images-5.jpeg\" class=\"attachment-medium size-medium wp-image-3547\" alt=\"\" \/>\n             <\/div>\n        <\/div><div class=\"eael-entry-wrapper\"><header class=\"eael-entry-header\"><h2 class=\"eael-entry-title\"><a class=\"eael-grid-post-link\" href=\"https:\/\/cote-ivoire.diplomatie.gov.bf\/?p=3987\" title=\"Cartes consulaires\">Cartes consulaires<\/a><\/h2><\/header><div class=\"eael-entry-meta\"><\/div><div class=\"eael-entry-content\">\n                        <div class=\"eael-grid-post-excerpt\"><a href=\"https:\/\/cote-ivoire.diplomatie.gov.bf\/?p=3987\" class=\"eael-post-elements-readmore-btn\">Voir plus<\/a><\/div>\n                    <\/div><\/div><\/div>\n        <\/div>\n    <\/article><article class=\"eael-grid-post  eael-post-grid-column eael-pg-post-3986\" data-id=\"3986\">\n        <div class=\"eael-grid-post-holder\">\n            <div class=\"eael-grid-post-holder-inner\"><div class=\"eael-entry-media\"><div class=\"eael-entry-overlay fade-in\"><i class=\"fas fa-eye\" aria-hidden=\"true\"><\/i><a href=\"https:\/\/cote-ivoire.diplomatie.gov.bf\/?p=3986\"><\/a><\/div><div class=\"eael-entry-thumbnail \">\n                 <img decoding=\"async\" width=\"300\" height=\"169\" src=\"https:\/\/cote-ivoire.diplomatie.gov.bf\/wp-content\/uploads\/sites\/4\/2024\/06\/Bfpassport.jpg\" class=\"attachment-medium size-medium wp-image-5245\" alt=\"\" \/>\n             <\/div>\n        <\/div><div class=\"eael-entry-wrapper\"><header class=\"eael-entry-header\"><h2 class=\"eael-entry-title\"><a class=\"eael-grid-post-link\" href=\"https:\/\/cote-ivoire.diplomatie.gov.bf\/?p=3986\" title=\"Passeport\">Passeport<\/a><\/h2><\/header><div class=\"eael-entry-meta\"><\/div><div class=\"eael-entry-content\">\n                        <div class=\"eael-grid-post-excerpt\"><a href=\"https:\/\/cote-ivoire.diplomatie.gov.bf\/?p=3986\" class=\"eael-post-elements-readmore-btn\">Voir plus<\/a><\/div>\n                    <\/div><\/div><\/div>\n        <\/div>\n    <\/article><article class=\"eael-grid-post  eael-post-grid-column eael-pg-post-3985\" data-id=\"3985\">\n        <div class=\"eael-grid-post-holder\">\n            <div class=\"eael-grid-post-holder-inner\"><div class=\"eael-entry-media\"><div class=\"eael-entry-overlay fade-in\"><i class=\"fas fa-eye\" aria-hidden=\"true\"><\/i><a href=\"https:\/\/cote-ivoire.diplomatie.gov.bf\/?p=3985\"><\/a><\/div><div class=\"eael-entry-thumbnail \">\n                 <img decoding=\"async\" width=\"300\" height=\"125\" src=\"https:\/\/cote-ivoire.diplomatie.gov.bf\/wp-content\/uploads\/sites\/4\/2024\/06\/images-4.jpeg\" class=\"attachment-medium size-medium wp-image-3548\" alt=\"\" \/>\n             <\/div>\n        <\/div><div class=\"eael-entry-wrapper\"><header class=\"eael-entry-header\"><h2 class=\"eael-entry-title\"><a class=\"eael-grid-post-link\" href=\"https:\/\/cote-ivoire.diplomatie.gov.bf\/?p=3985\" title=\"VISA\">VISA<\/a><\/h2><\/header><div class=\"eael-entry-meta\"><\/div><div class=\"eael-entry-content\">\n                        <div class=\"eael-grid-post-excerpt\"><a href=\"https:\/\/cote-ivoire.diplomatie.gov.bf\/?p=3985\" class=\"eael-post-elements-readmore-btn\">Voir plus<\/a><\/div>\n                    <\/div><\/div><\/div>\n        <\/div>\n    <\/article><\/div>\n            <div class=\"clearfix\"><\/div>\n        <\/div>            <div class=\"eael-load-more-button-wrap\">\n                <button class=\"eael-load-more-button\" id=\"eael-load-more-btn-e83034a\" data-widget-id=\"e83034a\" data-widget=\"e83034a\" data-page-id=\"4063\" data-template=\"{&quot;dir&quot;:&quot;lite&quot;,&quot;file_name&quot;:&quot;three.php&quot;,&quot;name&quot;:&quot;Post-Grid&quot;}\" data-class=\"Essential_Addons_Elementor\\Elements\\Post_Grid\" data-layout=\"masonry\" data-page=\"1\" data-args=\"orderby=date&amp;order=desc&amp;ignore_sticky_posts=1&amp;post_status=publish&amp;posts_per_page=4&amp;offset=0&amp;post_type=services\" data-max-page=\"4\">\n                    <span class=\"eael-btn-loader button__loader\"><\/span>\n                    <span class=\"eael_load_more_text\">Charger plus<\/span>\n                <\/button>\n            <\/div>\n            \t\t\t\t<\/div>\n\t\t\t\t<\/div>\n\t\t\t\t<div class=\"elementor-element elementor-element-5eba914 elementor-widget__width-auto elementor-absolute elementor-invisible elementor-widget elementor-widget-image\" data-id=\"5eba914\" data-element_type=\"widget\" data-e-type=\"widget\" data-settings=\"{&quot;_position&quot;:&quot;absolute&quot;,&quot;_animation&quot;:&quot;fadeInRight&quot;,&quot;_animation_delay&quot;:&quot;0.3&quot;}\" data-widget_type=\"image.default\">\n\t\t\t\t<div class=\"elementor-widget-container\">\n\t\t\t\t\t\t\t\t\t\t\t\t\t\t\t<img loading=\"lazy\" decoding=\"async\" width=\"350\" height=\"309\" src=\"https:\/\/cote-ivoire.diplomatie.gov.bf\/wp-content\/uploads\/sites\/4\/2023\/11\/h2_services_shape02.png\" class=\"attachment-full size-full wp-image-1101\" alt=\"\" \/>\t\t\t\t\t\t\t\t\t\t\t\t\t\t\t<\/div>\n\t\t\t\t<\/div>\n\t\t\t\t<div class=\"elementor-element elementor-element-d4a8b06 elementor-widget__width-auto elementor-absolute elementor-invisible elementor-widget elementor-widget-image\" data-id=\"d4a8b06\" data-element_type=\"widget\" data-e-type=\"widget\" data-settings=\"{&quot;_position&quot;:&quot;absolute&quot;,&quot;_animation&quot;:&quot;fadeInLeft&quot;,&quot;_animation_delay&quot;:&quot;0.3&quot;}\" data-widget_type=\"image.default\">\n\t\t\t\t<div class=\"elementor-widget-container\">\n\t\t\t\t\t\t\t\t\t\t\t\t\t\t\t<img loading=\"lazy\" decoding=\"async\" width=\"336\" height=\"307\" src=\"https:\/\/cote-ivoire.diplomatie.gov.bf\/wp-content\/uploads\/sites\/4\/2023\/11\/h2_services_shape01.png\" class=\"attachment-full size-full wp-image-1100\" alt=\"\" \/>\t\t\t\t\t\t\t\t\t\t\t\t\t\t\t<\/div>\n\t\t\t\t<\/div>\n\t\t\t\t\t<\/div>\n\t\t\t\t<\/div>\n\t\t\t\t<\/div>\n\t\t","protected":false},"excerpt":{"rendered":"<p>Pourquoi nous choisir D\u00e9couvrez les diff\u00e9rents services que nous vous offrons \u00e0 partir de notre ambassade Les d\u00e9marches consulaires Cartes consulaires Voir plus Les d\u00e9marches consulaires Passeport Voir plus Les d\u00e9marches consulaires VISA Voir plus Les d\u00e9marches consulaires Les actes d&rsquo;Etat Civil Voir plus \/*! elementor &#8211; v3.22.0 &#8211; 24-06-2024 *\/ .elementor-widget-image{text-align:center}.elementor-widget-image a{display:inline-block}.elementor-widget-image a img[src$=\u00a0\u00bb.svg\u00a0\u00bb]{width:48px}.elementor-widget-image [&hellip;]<\/p>\n","protected":false},"author":4,"featured_media":0,"parent":0,"menu_order":0,"comment_status":"closed","ping_status":"closed","template":"elementor_header_footer","meta":{"footnotes":""},"class_list":["post-4063","page","type-page","status-publish","hentry"],"_links":{"self":[{"href":"https:\/\/cote-ivoire.diplomatie.gov.bf\/index.php\/wp-json\/wp\/v2\/pages\/4063","targetHints":{"allow":["GET"]}}],"collection":[{"href":"https:\/\/cote-ivoire.diplomatie.gov.bf\/index.php\/wp-json\/wp\/v2\/pages"}],"about":[{"href":"https:\/\/cote-ivoire.diplomatie.gov.bf\/index.php\/wp-json\/wp\/v2\/types\/page"}],"author":[{"embeddable":true,"href":"https:\/\/cote-ivoire.diplomatie.gov.bf\/index.php\/wp-json\/wp\/v2\/users\/4"}],"replies":[{"embeddable":true,"href":"https:\/\/cote-ivoire.diplomatie.gov.bf\/index.php\/wp-json\/wp\/v2\/comments?post=4063"}],"version-history":[{"count":37,"href":"https:\/\/cote-ivoire.diplomatie.gov.bf\/index.php\/wp-json\/wp\/v2\/pages\/4063\/revisions"}],"predecessor-version":[{"id":4417,"href":"https:\/\/cote-ivoire.diplomatie.gov.bf\/index.php\/wp-json\/wp\/v2\/pages\/4063\/revisions\/4417"}],"wp:attachment":[{"href":"https:\/\/cote-ivoire.diplomatie.gov.bf\/index.php\/wp-json\/wp\/v2\/media?parent=4063"}],"curies":[{"name":"wp","href":"https:\/\/api.w.org\/{rel}","templated":true}]}}